{"id":1882,"date":"2022-11-01T17:36:37","date_gmt":"2022-11-01T17:36:37","guid":{"rendered":"https:\/\/advance.americana.edu.py\/?post_type=product&#038;p=1882"},"modified":"2022-11-01T17:37:10","modified_gmt":"2022-11-01T17:37:10","slug":"product-management","status":"publish","type":"product","link":"https:\/\/advance.americana.edu.py\/en\/product\/product-management\/","title":{"rendered":"Product Management"},"content":{"rendered":"<p>contenido<\/p>\n","protected":false},"excerpt":{"rendered":"<p>excerpt<\/p>\n","protected":false},"author":3,"featured_media":0,"comment_status":"open","ping_status":"closed","template":"","meta":{"_acf_changed":false,"footnotes":""},"categories":[1],"class_list":["post-1882","product","type-product","status-publish","hentry","category-uncategorized"],"acf":{"external_id":"1843","precio":"1.650.000","impartido_en":["es","en"],"hubspot_product_id":"1624375333","program_code":"","imagen_destacada":"https:\/\/static.capabiliaserver.com\/frontend\/clients\/americana\/wp_prod\/wp-content\/uploads\/2022\/10\/ebb28b4e-header-1.jpg","header_image":"https:\/\/static.capabiliaserver.com\/frontend\/clients\/americana\/wp_prod\/wp-content\/uploads\/2022\/10\/ebb28b4e-header-1.jpg","precio_en_cuotas":"","precio_de_lista":"","mostrar_form":true,"promocion_vigente":"","duracion_del_curso":"2 meses","tipo_de_programa":"Curso","nivel_del_curso":"B\u00e1sico","modalidad":"Online","dedicacion":"","titulo":"Product Management","contenido":"<p><span data-sheets-value=\"{&quot;1&quot;:2,&quot;2&quot;:&quot;El mundo de los negocios se volvi\u00f3 cada vez m\u00e1s complejo y fascinante. La exigencia de los clientes es mayor con el paso del tiempo y los entornos se tornan cada vez m\u00e1s competitivos.\\r\\n\\r\\nComo consecuencia de esto, es notable el aumento de la demanda laboral de Product managers, perfil que resulta relevante para todos los verticales de industria (tecnolog\u00eda, finanzas, retail, etc). \\r\\n\\r\\nEl rol del Product Manager (PM) es vital para toda organizaci\u00f3n que quiera mantenerse competitiva. Es un rol que combina muchas habilidades: estructuraci\u00f3n y resoluci\u00f3n de problemas, experiencia de cliente, tecnolog\u00eda, negocios, entre otros. Exige una visi\u00f3n estrat\u00e9gica y hol\u00edstica de las organizaciones, as\u00ed como desarrollar hard skills y soft skills, como la empat\u00eda con los clientes, ejercer influencia, poder de negociaci\u00f3n. De esta manera, los PM son relevantes para todos los verticales de industria: tecnolog\u00eda, finanzas, retail, etc. \\r\\n\\r\\nEste curso se vuelve necesario para personas que quieran generar un cambio o una evoluci\u00f3n en su carrera, o bien aportar nuevos skills a sus organizaciones o emprendimientos. \\r\\n\\r\\nEl curso te brindar\u00e1 herramientas para estructurar y resolver problemas de negocio, entender c\u00f3mo la tecnolog\u00eda y los datos ayudan a potenciar estas soluciones y definir una estrategia de producto. Dominar\u00e1s las diferentes etapas de ideaci\u00f3n, lanzamiento y desarrollo iterativo de productos, comprendiendo diferentes herramientas y frameworks. A su vez, adquirir\u00e1s los soft skills para influir en tu organizaci\u00f3n y llegar a una estrategia exitosa de negocio. \\r&quot;}\" data-sheets-userformat=\"{&quot;2&quot;:4993,&quot;3&quot;:{&quot;1&quot;:0},&quot;10&quot;:0,&quot;11&quot;:4,&quot;12&quot;:0,&quot;15&quot;:&quot;Arial&quot;}\">El mundo de los negocios se volvi\u00f3 cada vez m\u00e1s complejo y fascinante. La exigencia de los clientes es mayor con el paso del tiempo y los entornos se tornan cada vez m\u00e1s competitivos.<\/span><\/p>\n<p>Como consecuencia de esto, es notable el aumento de la demanda laboral de Product managers, perfil que resulta relevante para todos los verticales de industria (tecnolog\u00eda, finanzas, retail, etc).<\/p>\n<p>El rol del Product Manager (PM) es vital para toda organizaci\u00f3n que quiera mantenerse competitiva. Es un rol que combina muchas habilidades: estructuraci\u00f3n y resoluci\u00f3n de problemas, experiencia de cliente, tecnolog\u00eda, negocios, entre otros. Exige una visi\u00f3n estrat\u00e9gica y hol\u00edstica de las organizaciones, as\u00ed como desarrollar hard skills y soft skills, como la empat\u00eda con los clientes, ejercer influencia, poder de negociaci\u00f3n. De esta manera, los PM son relevantes para todos los verticales de industria: tecnolog\u00eda, finanzas, retail, etc.<\/p>\n<p>Este curso se vuelve necesario para personas que quieran generar un cambio o una evoluci\u00f3n en su carrera, o bien aportar nuevos skills a sus organizaciones o emprendimientos.<\/p>\n<p>El curso te brindar\u00e1 herramientas para estructurar y resolver problemas de negocio, entender c\u00f3mo la tecnolog\u00eda y los datos ayudan a potenciar estas soluciones y definir una estrategia de producto. Dominar\u00e1s las diferentes etapas de ideaci\u00f3n, lanzamiento y desarrollo iterativo de productos, comprendiendo diferentes herramientas y frameworks. A su vez, adquirir\u00e1s los soft skills para influir en tu organizaci\u00f3n y llegar a una estrategia exitosa de negocio.<\/p>\n","avalado_por":false,"pdf_brochure":false,"cursos_que_lo_componen":[{"nombre_del_curso":"Comprendiendo a mi cliente y Product Discovery\t","descripcion_del_curso":"<p>M\u00f3dulo 1: El rol y skills del Product Manager<br \/>\nM\u00f3dulo 2: El cliente c\u00e9ntrico, segmentaci\u00f3n e investigaci\u00f3n de mercado.<br \/>\nM\u00f3dulo 3: Product Discovery<br \/>\nM\u00f3dulo 4: An\u00e1lisis y desarrollo de modelo de negocio <\/p>\n"},{"nombre_del_curso":"Lanzamiento y estrategia de producto        ","descripcion_del_curso":"<p>M\u00f3dulo 1: Go to market. Delivery y MVP<br \/>\nM\u00f3dulo 2: Marketing Digital, Datos y Software development<br \/>\nM\u00f3dulo 3: Product Roadmap, ciclo de vida y KPIs<br \/>\nM\u00f3dulo 4: Metodolog\u00edas \u00c1giles y mindset de experimentaci\u00f3n<\/p>\n"}],"preguntas_frecuentes":false,"docentes_expertos":false},"yoast_head":"<!-- This site is optimized with the Yoast SEO plugin v23.0 - https:\/\/yoast.com\/wordpress\/plugins\/seo\/ -->\n<title>Product Management - Universidad Americana<\/title>\n<meta name=\"robots\" content=\"index, follow, max-snippet:-1, max-image-preview:large, max-video-preview:-1\" \/>\n<link rel=\"canonical\" href=\"https:\/\/advance.americana.edu.py\/en\/product\/product-management\/\" \/>\n<meta property=\"og:locale\" content=\"en_US\" \/>\n<meta property=\"og:type\" content=\"article\" \/>\n<meta property=\"og:title\" content=\"Product Management - Universidad Americana\" \/>\n<meta property=\"og:description\" content=\"excerpt\" \/>\n<meta property=\"og:url\" content=\"https:\/\/advance.americana.edu.py\/en\/product\/product-management\/\" \/>\n<meta property=\"og:site_name\" content=\"Universidad Americana\" \/>\n<meta property=\"article:modified_time\" content=\"2022-11-01T17:37:10+00:00\" \/>\n<meta name=\"twitter:card\" content=\"summary_large_image\" \/>\n<meta name=\"twitter:label1\" content=\"Est. reading time\" \/>\n\t<meta name=\"twitter:data1\" content=\"1 minute\" \/>\n<script type=\"application\/ld+json\" class=\"yoast-schema-graph\">{\"@context\":\"https:\/\/schema.org\",\"@graph\":[{\"@type\":\"WebPage\",\"@id\":\"https:\/\/advance.americana.edu.py\/en\/product\/product-management\/\",\"url\":\"https:\/\/advance.americana.edu.py\/en\/product\/product-management\/\",\"name\":\"Product Management - Universidad Americana\",\"isPartOf\":{\"@id\":\"https:\/\/advance.americana.edu.py\/en\/#website\"},\"datePublished\":\"2022-11-01T17:36:37+00:00\",\"dateModified\":\"2022-11-01T17:37:10+00:00\",\"breadcrumb\":{\"@id\":\"https:\/\/advance.americana.edu.py\/en\/product\/product-management\/#breadcrumb\"},\"inLanguage\":\"en-US\",\"potentialAction\":[{\"@type\":\"ReadAction\",\"target\":[\"https:\/\/advance.americana.edu.py\/en\/product\/product-management\/\"]}]},{\"@type\":\"BreadcrumbList\",\"@id\":\"https:\/\/advance.americana.edu.py\/en\/product\/product-management\/#breadcrumb\",\"itemListElement\":[{\"@type\":\"ListItem\",\"position\":1,\"name\":\"Home\",\"item\":\"https:\/\/advance.americana.edu.py\/en\/\"},{\"@type\":\"ListItem\",\"position\":2,\"name\":\"Productos\",\"item\":\"https:\/\/advance.americana.edu.py\/en\/product\/\"},{\"@type\":\"ListItem\",\"position\":3,\"name\":\"Product Management\"}]},{\"@type\":\"WebSite\",\"@id\":\"https:\/\/advance.americana.edu.py\/en\/#website\",\"url\":\"https:\/\/advance.americana.edu.py\/en\/\",\"name\":\"Universidad Americana\",\"description\":\"Universidad Americana\",\"potentialAction\":[{\"@type\":\"SearchAction\",\"target\":{\"@type\":\"EntryPoint\",\"urlTemplate\":\"https:\/\/advance.americana.edu.py\/en\/?s={search_term_string}\"},\"query-input\":\"required name=search_term_string\"}],\"inLanguage\":\"en-US\"}]}<\/script>\n<!-- \/ Yoast SEO plugin. -->","yoast_head_json":{"title":"Product Management - Universidad Americana","robots":{"index":"index","follow":"follow","max-snippet":"max-snippet:-1","max-image-preview":"max-image-preview:large","max-video-preview":"max-video-preview:-1"},"canonical":"https:\/\/advance.americana.edu.py\/en\/product\/product-management\/","og_locale":"en_US","og_type":"article","og_title":"Product Management - Universidad Americana","og_description":"excerpt","og_url":"https:\/\/advance.americana.edu.py\/en\/product\/product-management\/","og_site_name":"Universidad Americana","article_modified_time":"2022-11-01T17:37:10+00:00","twitter_card":"summary_large_image","twitter_misc":{"Est. reading time":"1 minute"},"schema":{"@context":"https:\/\/schema.org","@graph":[{"@type":"WebPage","@id":"https:\/\/advance.americana.edu.py\/en\/product\/product-management\/","url":"https:\/\/advance.americana.edu.py\/en\/product\/product-management\/","name":"Product Management - Universidad Americana","isPartOf":{"@id":"https:\/\/advance.americana.edu.py\/en\/#website"},"datePublished":"2022-11-01T17:36:37+00:00","dateModified":"2022-11-01T17:37:10+00:00","breadcrumb":{"@id":"https:\/\/advance.americana.edu.py\/en\/product\/product-management\/#breadcrumb"},"inLanguage":"en-US","potentialAction":[{"@type":"ReadAction","target":["https:\/\/advance.americana.edu.py\/en\/product\/product-management\/"]}]},{"@type":"BreadcrumbList","@id":"https:\/\/advance.americana.edu.py\/en\/product\/product-management\/#breadcrumb","itemListElement":[{"@type":"ListItem","position":1,"name":"Home","item":"https:\/\/advance.americana.edu.py\/en\/"},{"@type":"ListItem","position":2,"name":"Productos","item":"https:\/\/advance.americana.edu.py\/en\/product\/"},{"@type":"ListItem","position":3,"name":"Product Management"}]},{"@type":"WebSite","@id":"https:\/\/advance.americana.edu.py\/en\/#website","url":"https:\/\/advance.americana.edu.py\/en\/","name":"Universidad Americana","description":"Universidad Americana","potentialAction":[{"@type":"SearchAction","target":{"@type":"EntryPoint","urlTemplate":"https:\/\/advance.americana.edu.py\/en\/?s={search_term_string}"},"query-input":"required name=search_term_string"}],"inLanguage":"en-US"}]}},"idiomas":{"en":1882,"es":1881},"_links":{"self":[{"href":"https:\/\/advance.americana.edu.py\/en\/wp-json\/wp\/v2\/products\/1882"}],"collection":[{"href":"https:\/\/advance.americana.edu.py\/en\/wp-json\/wp\/v2\/products"}],"about":[{"href":"https:\/\/advance.americana.edu.py\/en\/wp-json\/wp\/v2\/types\/product"}],"author":[{"embeddable":true,"href":"https:\/\/advance.americana.edu.py\/en\/wp-json\/wp\/v2\/users\/3"}],"replies":[{"embeddable":true,"href":"https:\/\/advance.americana.edu.py\/en\/wp-json\/wp\/v2\/comments?post=1882"}],"version-history":[{"count":4,"href":"https:\/\/advance.americana.edu.py\/en\/wp-json\/wp\/v2\/products\/1882\/revisions"}],"predecessor-version":[{"id":1895,"href":"https:\/\/advance.americana.edu.py\/en\/wp-json\/wp\/v2\/products\/1882\/revisions\/1895"}],"wp:attachment":[{"href":"https:\/\/advance.americana.edu.py\/en\/wp-json\/wp\/v2\/media?parent=1882"}],"wp:term":[{"taxonomy":"category","embeddable":true,"href":"https:\/\/advance.americana.edu.py\/en\/wp-json\/wp\/v2\/categories?post=1882"}],"curies":[{"name":"wp","href":"https:\/\/api.w.org\/{rel}","templated":true}]}}