{"id":727,"date":"2019-12-17T19:06:40","date_gmt":"2019-12-17T19:06:40","guid":{"rendered":"https:\/\/advance.americana.edu.py\/?post_type=product&#038;p=727"},"modified":"2020-01-25T20:58:31","modified_gmt":"2020-01-25T20:58:31","slug":"curso-en-blockchain-fundamentos-de-una-tecnologia-disruptiva","status":"publish","type":"product","link":"https:\/\/advance.americana.edu.py\/en\/product\/curso-en-blockchain-fundamentos-de-una-tecnologia-disruptiva\/","title":{"rendered":"Curso en Blockchain: Fundamentos de una Tecnolog\u00eda Disruptiva"},"content":{"rendered":"","protected":false},"excerpt":{"rendered":"<p>excerpt<\/p>\n","protected":false},"author":3,"featured_media":0,"comment_status":"open","ping_status":"closed","template":"","meta":{"_acf_changed":false,"footnotes":""},"categories":[17],"class_list":["post-727","product","type-product","status-publish","hentry","category-curso"],"acf":{"external_id":"628","precio":"625,00","impartido_en":["es"],"hubspot_product_id":"","imagen_destacada":"https:\/\/static.capabiliaserver.com\/frontend\/clients\/americana\/wp_dev\/wp-content\/uploads\/2019\/12\/bbc463b7-img-mc-blockchain-1920x1261.jpg","header_image":"https:\/\/static.capabiliaserver.com\/frontend\/clients\/americana\/wp_dev\/wp-content\/uploads\/2019\/12\/bbc463b7-img-mc-blockchain-1920x1261.jpg","precio_en_cuotas":"","precio_de_lista":"","mostrar_form":false,"promocion_vigente":"","duracion_del_curso":"2 meses ","tipo_de_programa":"Educaci\u00f3n Continua","nivel_del_curso":"Intermedio","modalidad":"100% online","dedicacion":"6\/8 hs semanales","titulo":"Curso de Blockchain: Fundamentos de una Tecnolog\u00eda Disruptiva","contenido":"<p>Este Curso te permitir\u00e1 desarrollar las competencias requeridas para conocer y evaluar el potencial de la tecnolog\u00eda Blockchain, as\u00ed como el marco jur\u00eddico en el cual puede funcionar, permiti\u00e9ndote iniciar emprendimientos basados en Blockchain o verificar la aplicabilidad de la tecnolog\u00eda en emprendimientos en ejecuci\u00f3n. El programa te permitir\u00e1 conocer el funcionamiento, el marco legal y la tecnolog\u00eda en el que se encuentra inmerso esta tecnolog\u00eda, como as\u00ed tambi\u00e9n su aplicaci\u00f3n y uso estrat\u00e9gico. Aprend\u00e9 sobre los or\u00edgenes, fundamentos, historia y evoluci\u00f3n de la Tecnolog\u00eda Blockchain: desde Bitcoin hasta su evoluci\u00f3n; el funcionamiento de Blockchain como sistema distribuido, arquitectura y algoritmia fundamental en la que se basa. Entend\u00e9 las diferentes aplicaciones, usos y funcionamiento de estas tecnolog\u00edas y los modelos innovadores y\/o disruptivos que aparecen en torno a ella: Criptomonedas, Smart Contracts, Firma Digital, Smart apps, etc. Conoc\u00e9 el marco jur\u00eddico en que se desenvuelve y las iniciativas p\u00fablicas y privadas actuales que aplican tecnolog\u00eda Blockchain.<\/p>\n","avalado_por":"https:\/\/static.capabiliaserver.com\/frontend\/clients\/americana\/wp_dev\/wp-content\/uploads\/2018\/10\/dfccaf75-logo-uamericana.png","pdf_brochure":false,"cursos_que_lo_componen":[{"nombre_del_curso":"Blockchain: Fundamentos de una Tecnolog\u00eda Disruptiva","descripcion_del_curso":"<p>M\u00f3dulo 1: La Infraestructura de la Transferencia de Riqueza.<br \/>\nM\u00f3dulo 2: Criptomonedas e Infraestructura Blockchain.<br \/>\nM\u00f3dulo 3: Emprendedores de Blockchain.<br \/>\nM\u00f3dulo 4: Blockchain y Cambio Social.<\/p>\n"},{"nombre_del_curso":"Caso de Aplicaci\u00f3n","descripcion_del_curso":"<p>En este curso, el docente experto te acompa\u00f1ar\u00e1 en la investigaci\u00f3n y desarrollo del proyecto de negocio de Blockchain que hayas definido en el Curso 1. Este proyecto puede ser de car\u00e1cter p\u00fablico o privado, real o ficticio, y deber\u00e1 realizarse en el periodo de un mes.<\/p>\n"}],"preguntas_frecuentes":false,"docentes_expertos":false},"yoast_head":"<!-- This site is optimized with the Yoast SEO plugin v23.0 - https:\/\/yoast.com\/wordpress\/plugins\/seo\/ -->\n<title>Curso en Blockchain: Fundamentos de una Tecnolog\u00eda Disruptiva - Universidad Americana<\/title>\n<meta name=\"robots\" content=\"index, follow, max-snippet:-1, max-image-preview:large, max-video-preview:-1\" \/>\n<link rel=\"canonical\" href=\"https:\/\/advance.americana.edu.py\/en\/product\/curso-en-blockchain-fundamentos-de-una-tecnologia-disruptiva\/\" \/>\n<meta property=\"og:locale\" content=\"en_US\" \/>\n<meta property=\"og:type\" content=\"article\" \/>\n<meta property=\"og:title\" content=\"Curso en Blockchain: Fundamentos de una Tecnolog\u00eda Disruptiva - Universidad Americana\" \/>\n<meta property=\"og:description\" content=\"excerpt\" \/>\n<meta property=\"og:url\" content=\"https:\/\/advance.americana.edu.py\/en\/product\/curso-en-blockchain-fundamentos-de-una-tecnologia-disruptiva\/\" \/>\n<meta property=\"og:site_name\" content=\"Universidad Americana\" \/>\n<meta property=\"article:modified_time\" content=\"2020-01-25T20:58:31+00:00\" \/>\n<meta name=\"twitter:card\" content=\"summary_large_image\" \/>\n<script type=\"application\/ld+json\" class=\"yoast-schema-graph\">{\"@context\":\"https:\/\/schema.org\",\"@graph\":[{\"@type\":\"WebPage\",\"@id\":\"https:\/\/advance.americana.edu.py\/en\/product\/curso-en-blockchain-fundamentos-de-una-tecnologia-disruptiva\/\",\"url\":\"https:\/\/advance.americana.edu.py\/en\/product\/curso-en-blockchain-fundamentos-de-una-tecnologia-disruptiva\/\",\"name\":\"Curso en Blockchain: Fundamentos de una Tecnolog\u00eda Disruptiva - Universidad Americana\",\"isPartOf\":{\"@id\":\"https:\/\/advance.americana.edu.py\/en\/#website\"},\"datePublished\":\"2019-12-17T19:06:40+00:00\",\"dateModified\":\"2020-01-25T20:58:31+00:00\",\"breadcrumb\":{\"@id\":\"https:\/\/advance.americana.edu.py\/en\/product\/curso-en-blockchain-fundamentos-de-una-tecnologia-disruptiva\/#breadcrumb\"},\"inLanguage\":\"en-US\",\"potentialAction\":[{\"@type\":\"ReadAction\",\"target\":[\"https:\/\/advance.americana.edu.py\/en\/product\/curso-en-blockchain-fundamentos-de-una-tecnologia-disruptiva\/\"]}]},{\"@type\":\"BreadcrumbList\",\"@id\":\"https:\/\/advance.americana.edu.py\/en\/product\/curso-en-blockchain-fundamentos-de-una-tecnologia-disruptiva\/#breadcrumb\",\"itemListElement\":[{\"@type\":\"ListItem\",\"position\":1,\"name\":\"Home\",\"item\":\"https:\/\/advance.americana.edu.py\/en\/\"},{\"@type\":\"ListItem\",\"position\":2,\"name\":\"Productos\",\"item\":\"https:\/\/advance.americana.edu.py\/en\/product\/\"},{\"@type\":\"ListItem\",\"position\":3,\"name\":\"Curso en Blockchain: Fundamentos de una Tecnolog\u00eda Disruptiva\"}]},{\"@type\":\"WebSite\",\"@id\":\"https:\/\/advance.americana.edu.py\/en\/#website\",\"url\":\"https:\/\/advance.americana.edu.py\/en\/\",\"name\":\"Universidad Americana\",\"description\":\"Universidad Americana\",\"potentialAction\":[{\"@type\":\"SearchAction\",\"target\":{\"@type\":\"EntryPoint\",\"urlTemplate\":\"https:\/\/advance.americana.edu.py\/en\/?s={search_term_string}\"},\"query-input\":\"required name=search_term_string\"}],\"inLanguage\":\"en-US\"}]}<\/script>\n<!-- \/ Yoast SEO plugin. -->","yoast_head_json":{"title":"Curso en Blockchain: Fundamentos de una Tecnolog\u00eda Disruptiva - Universidad Americana","robots":{"index":"index","follow":"follow","max-snippet":"max-snippet:-1","max-image-preview":"max-image-preview:large","max-video-preview":"max-video-preview:-1"},"canonical":"https:\/\/advance.americana.edu.py\/en\/product\/curso-en-blockchain-fundamentos-de-una-tecnologia-disruptiva\/","og_locale":"en_US","og_type":"article","og_title":"Curso en Blockchain: Fundamentos de una Tecnolog\u00eda Disruptiva - Universidad Americana","og_description":"excerpt","og_url":"https:\/\/advance.americana.edu.py\/en\/product\/curso-en-blockchain-fundamentos-de-una-tecnologia-disruptiva\/","og_site_name":"Universidad Americana","article_modified_time":"2020-01-25T20:58:31+00:00","twitter_card":"summary_large_image","schema":{"@context":"https:\/\/schema.org","@graph":[{"@type":"WebPage","@id":"https:\/\/advance.americana.edu.py\/en\/product\/curso-en-blockchain-fundamentos-de-una-tecnologia-disruptiva\/","url":"https:\/\/advance.americana.edu.py\/en\/product\/curso-en-blockchain-fundamentos-de-una-tecnologia-disruptiva\/","name":"Curso en Blockchain: Fundamentos de una Tecnolog\u00eda Disruptiva - Universidad Americana","isPartOf":{"@id":"https:\/\/advance.americana.edu.py\/en\/#website"},"datePublished":"2019-12-17T19:06:40+00:00","dateModified":"2020-01-25T20:58:31+00:00","breadcrumb":{"@id":"https:\/\/advance.americana.edu.py\/en\/product\/curso-en-blockchain-fundamentos-de-una-tecnologia-disruptiva\/#breadcrumb"},"inLanguage":"en-US","potentialAction":[{"@type":"ReadAction","target":["https:\/\/advance.americana.edu.py\/en\/product\/curso-en-blockchain-fundamentos-de-una-tecnologia-disruptiva\/"]}]},{"@type":"BreadcrumbList","@id":"https:\/\/advance.americana.edu.py\/en\/product\/curso-en-blockchain-fundamentos-de-una-tecnologia-disruptiva\/#breadcrumb","itemListElement":[{"@type":"ListItem","position":1,"name":"Home","item":"https:\/\/advance.americana.edu.py\/en\/"},{"@type":"ListItem","position":2,"name":"Productos","item":"https:\/\/advance.americana.edu.py\/en\/product\/"},{"@type":"ListItem","position":3,"name":"Curso en Blockchain: Fundamentos de una Tecnolog\u00eda Disruptiva"}]},{"@type":"WebSite","@id":"https:\/\/advance.americana.edu.py\/en\/#website","url":"https:\/\/advance.americana.edu.py\/en\/","name":"Universidad Americana","description":"Universidad Americana","potentialAction":[{"@type":"SearchAction","target":{"@type":"EntryPoint","urlTemplate":"https:\/\/advance.americana.edu.py\/en\/?s={search_term_string}"},"query-input":"required name=search_term_string"}],"inLanguage":"en-US"}]}},"idiomas":{"en":727,"es":728},"_links":{"self":[{"href":"https:\/\/advance.americana.edu.py\/en\/wp-json\/wp\/v2\/products\/727"}],"collection":[{"href":"https:\/\/advance.americana.edu.py\/en\/wp-json\/wp\/v2\/products"}],"about":[{"href":"https:\/\/advance.americana.edu.py\/en\/wp-json\/wp\/v2\/types\/product"}],"author":[{"embeddable":true,"href":"https:\/\/advance.americana.edu.py\/en\/wp-json\/wp\/v2\/users\/3"}],"replies":[{"embeddable":true,"href":"https:\/\/advance.americana.edu.py\/en\/wp-json\/wp\/v2\/comments?post=727"}],"version-history":[{"count":5,"href":"https:\/\/advance.americana.edu.py\/en\/wp-json\/wp\/v2\/products\/727\/revisions"}],"predecessor-version":[{"id":1206,"href":"https:\/\/advance.americana.edu.py\/en\/wp-json\/wp\/v2\/products\/727\/revisions\/1206"}],"wp:attachment":[{"href":"https:\/\/advance.americana.edu.py\/en\/wp-json\/wp\/v2\/media?parent=727"}],"wp:term":[{"taxonomy":"category","embeddable":true,"href":"https:\/\/advance.americana.edu.py\/en\/wp-json\/wp\/v2\/categories?post=727"}],"curies":[{"name":"wp","href":"https:\/\/api.w.org\/{rel}","templated":true}]}}